{"id":47,"date":"2015-02-18T13:09:46","date_gmt":"2015-02-18T12:09:46","guid":{"rendered":"http:\/\/sainte-marie-seraing.be\/wp\/?page_id=47"},"modified":"2020-09-03T14:55:35","modified_gmt":"2020-09-03T12:55:35","slug":"contacts-et-acces","status":"publish","type":"page","link":"https:\/\/sainte-marie-seraing.be\/wp\/?page_id=47","title":{"rendered":"Contacts et acc\u00e8s"},"content":{"rendered":"<div class=\"fcbkbttn_buttons_block\" id=\"fcbkbttn_left\"><div class=\"fcbkbttn_button\">\n\t\t\t\t\t<a href=\"https:\/\/www.facebook.com\/\" target=\"_blank\">\n\t\t\t\t\t\t<img src=\"https:\/\/i1.wp.com\/sainte-marie-seraing.be\/wp\/wp-content\/plugins\/facebook-button-plugin\/images\/standard-facebook-ico.png?w=580&#038;ssl=1\" alt=\"Fb-Button\" data-recalc-dims=\"1\" \/>\n\t\t\t\t\t<\/a>\n\t\t\t\t<\/div><div class=\"fcbkbttn_like \"><fb:like href=\"https:\/\/sainte-marie-seraing.be\/wp\/?page_id=47\" action=\"like\" colorscheme=\"light\" layout=\"standard\"  width=\"225px\" size=\"small\"><\/fb:like><\/div><\/div><h2 class=\"paragraph_style\" style=\"text-align: center;\"><a href=\"https:\/\/i0.wp.com\/sainte-marie-seraing.be\/wp\/wp-content\/uploads\/2015\/02\/Sans-titre-1.jpg\"><img data-attachment-id=\"586\" data-permalink=\"https:\/\/sainte-marie-seraing.be\/wp\/?attachment_id=586\" data-orig-file=\"https:\/\/i0.wp.com\/sainte-marie-seraing.be\/wp\/wp-content\/uploads\/2015\/02\/Sans-titre-1.jpg?fit=937%2C197&amp;ssl=1\" data-orig-size=\"937,197\" data-comments-opened=\"0\" data-image-meta=\"{&quot;aperture&quot;:&quot;0&quot;,&quot;credit&quot;:&quot;&quot;,&quot;camera&quot;:&quot;&quot;,&quot;caption&quot;:&quot;&quot;,&quot;created_timestamp&quot;:&quot;0&quot;,&quot;copyright&quot;:&quot;&quot;,&quot;focal_length&quot;:&quot;0&quot;,&quot;iso&quot;:&quot;0&quot;,&quot;shutter_speed&quot;:&quot;0&quot;,&quot;title&quot;:&quot;&quot;,&quot;orientation&quot;:&quot;1&quot;}\" data-image-title=\"Sans titre-1\" data-image-description=\"\" data-medium-file=\"https:\/\/i0.wp.com\/sainte-marie-seraing.be\/wp\/wp-content\/uploads\/2015\/02\/Sans-titre-1.jpg?fit=300%2C63&amp;ssl=1\" data-large-file=\"https:\/\/i0.wp.com\/sainte-marie-seraing.be\/wp\/wp-content\/uploads\/2015\/02\/Sans-titre-1.jpg?fit=510%2C107&amp;ssl=1\" loading=\"lazy\" class=\"aligncenter size-full wp-image-586\" src=\"https:\/\/i0.wp.com\/sainte-marie-seraing.be\/wp\/wp-content\/uploads\/2015\/02\/Sans-titre-1.jpg?resize=580%2C122\" alt=\"Sans titre-1\" width=\"580\" height=\"122\" srcset=\"https:\/\/i0.wp.com\/sainte-marie-seraing.be\/wp\/wp-content\/uploads\/2015\/02\/Sans-titre-1.jpg?w=937&amp;ssl=1 937w, https:\/\/i0.wp.com\/sainte-marie-seraing.be\/wp\/wp-content\/uploads\/2015\/02\/Sans-titre-1.jpg?resize=300%2C63&amp;ssl=1 300w, https:\/\/i0.wp.com\/sainte-marie-seraing.be\/wp\/wp-content\/uploads\/2015\/02\/Sans-titre-1.jpg?resize=510%2C107&amp;ssl=1 510w\" sizes=\"(max-width: 580px) 100vw, 580px\" data-recalc-dims=\"1\" \/><\/a><span style=\"color: #99cc00;\"><strong>\u00c9cole Primaire Libre d\u2019Enseignement Sp\u00e9cialis\u00e9 :<br \/>\nSainte Marie<\/strong> (Seraing)<\/span><\/h2>\n<h4 class=\"paragraph_style\" style=\"text-align: center;\">Place Merlot 5 \u00e0<br \/>\n4100 Seraing<\/h4>\n<p style=\"text-align: center;\"><strong>T\u00e9l : 04\/3360430<br \/>\nsaintemariespecialise@gmail.com<\/strong><\/p>\n<p><strong>Directrice : Madame\u00a0Boulanger<\/strong><br \/>\nAssistante Sociale : Mme Boulanger<\/p>\n<p style=\"padding-left: 120px; text-align: center;\"><iframe loading=\"lazy\" style=\"border: 0;\" src=\"https:\/\/www.google.com\/maps\/embed?pb=!1m14!1m8!1m3!1d10132.463670404857!2d5.510099633543708!3d50.587798753235504!3m2!1i1024!2i768!4f13.1!3m3!1m2!1s0x47c0f8e377a19e49%3A0x17f218db6d04decd!2sPlace+Merlot%2C+4100+Seraing%2C+Belgique!5e0!3m2!1sfr!2sus!4v1424448494856\" width=\"400\" height=\"300\" frameborder=\"0\"><\/iframe><\/p>\n","protected":false},"excerpt":{"rendered":"<p>\u00c9cole Primaire Libre d\u2019Enseignement Sp\u00e9cialis\u00e9 : Sainte Marie (Seraing) Place Merlot 5 \u00e0 4100 Seraing T\u00e9l : 04\/3360430 saintemariespecialise@gmail.com Directrice : Madame\u00a0Boulanger Assistante Sociale : Mme Boulanger<\/p>\n","protected":false},"author":1,"featured_media":0,"parent":0,"menu_order":0,"comment_status":"open","ping_status":"open","template":"","meta":{"spay_email":""},"jetpack_sharing_enabled":true,"jetpack_shortlink":"https:\/\/wp.me\/P6j22m-L","jetpack-related-posts":[],"_links":{"self":[{"href":"https:\/\/sainte-marie-seraing.be\/wp\/index.php?rest_route=\/wp\/v2\/pages\/47"}],"collection":[{"href":"https:\/\/sainte-marie-seraing.be\/wp\/index.php?rest_route=\/wp\/v2\/pages"}],"about":[{"href":"https:\/\/sainte-marie-seraing.be\/wp\/index.php?rest_route=\/wp\/v2\/types\/page"}],"author":[{"embeddable":true,"href":"https:\/\/sainte-marie-seraing.be\/wp\/index.php?rest_route=\/wp\/v2\/users\/1"}],"replies":[{"embeddable":true,"href":"https:\/\/sainte-marie-seraing.be\/wp\/index.php?rest_route=%2Fwp%2Fv2%2Fcomments&post=47"}],"version-history":[{"count":14,"href":"https:\/\/sainte-marie-seraing.be\/wp\/index.php?rest_route=\/wp\/v2\/pages\/47\/revisions"}],"predecessor-version":[{"id":13141,"href":"https:\/\/sainte-marie-seraing.be\/wp\/index.php?rest_route=\/wp\/v2\/pages\/47\/revisions\/13141"}],"wp:attachment":[{"href":"https:\/\/sainte-marie-seraing.be\/wp\/index.php?rest_route=%2Fwp%2Fv2%2Fmedia&parent=47"}],"curies":[{"name":"wp","href":"https:\/\/api.w.org\/{rel}","templated":true}]}}