{"id":58,"date":"2015-02-18T14:03:34","date_gmt":"2015-02-18T13:03:34","guid":{"rendered":"http:\/\/sainte-marie-seraing.be\/wp\/?page_id=58"},"modified":"2015-07-06T15:45:18","modified_gmt":"2015-07-06T13:45:18","slug":"informations-2","status":"publish","type":"page","link":"http:\/\/sainte-marie-seraing.be\/wp\/?page_id=58","title":{"rendered":"Informations"},"content":{"rendered":"<div class=\"fcbkbttn_buttons_block\" id=\"fcbkbttn_left\"><div class=\"fcbkbttn_button\">\n\t\t\t\t\t<a href=\"https:\/\/www.facebook.com\/\" target=\"_blank\">\n\t\t\t\t\t\t<img src=\"https:\/\/i1.wp.com\/sainte-marie-seraing.be\/wp\/wp-content\/plugins\/facebook-button-plugin\/images\/standard-facebook-ico.png?w=580\" alt=\"Fb-Button\" data-recalc-dims=\"1\" \/>\n\t\t\t\t\t<\/a>\n\t\t\t\t<\/div><div class=\"fcbkbttn_like \"><fb:like href=\"http:\/\/sainte-marie-seraing.be\/wp\/?page_id=58\" action=\"like\" colorscheme=\"light\" layout=\"standard\"  width=\"225px\" size=\"small\"><\/fb:like><\/div><\/div><h1 style=\"text-align: center;\"><strong><span style=\"color: #008000;\">Un enseignement sp\u00e9cialis\u00e9 de type 1 et 8:<\/span><br \/>\n<a href=\"https:\/\/i0.wp.com\/sainte-marie-seraing.be\/wp\/wp-content\/uploads\/2015\/02\/2yhe0cd1.jpg\"><img data-attachment-id=\"579\" data-permalink=\"http:\/\/sainte-marie-seraing.be\/wp\/?attachment_id=579\" data-orig-file=\"https:\/\/i0.wp.com\/sainte-marie-seraing.be\/wp\/wp-content\/uploads\/2015\/02\/2yhe0cd1.jpg?fit=541%2C121\" data-orig-size=\"541,121\" data-comments-opened=\"0\" data-image-meta=\"{&quot;aperture&quot;:&quot;0&quot;,&quot;credit&quot;:&quot;&quot;,&quot;camera&quot;:&quot;&quot;,&quot;caption&quot;:&quot;&quot;,&quot;created_timestamp&quot;:&quot;0&quot;,&quot;copyright&quot;:&quot;&quot;,&quot;focal_length&quot;:&quot;0&quot;,&quot;iso&quot;:&quot;0&quot;,&quot;shutter_speed&quot;:&quot;0&quot;,&quot;title&quot;:&quot;&quot;,&quot;orientation&quot;:&quot;1&quot;}\" data-image-title=\"2yhe0cd1\" data-image-description=\"\" data-medium-file=\"https:\/\/i0.wp.com\/sainte-marie-seraing.be\/wp\/wp-content\/uploads\/2015\/02\/2yhe0cd1.jpg?fit=300%2C67\" data-large-file=\"https:\/\/i0.wp.com\/sainte-marie-seraing.be\/wp\/wp-content\/uploads\/2015\/02\/2yhe0cd1.jpg?fit=510%2C114\" loading=\"lazy\" class=\"alignnone  wp-image-579\" src=\"https:\/\/i0.wp.com\/sainte-marie-seraing.be\/wp\/wp-content\/uploads\/2015\/02\/2yhe0cd1.jpg?resize=469%2C113\" alt=\"2yhe0cd1\" width=\"469\" height=\"113\" srcset=\"https:\/\/i0.wp.com\/sainte-marie-seraing.be\/wp\/wp-content\/uploads\/2015\/02\/2yhe0cd1.jpg?zoom=2&amp;resize=469%2C113 938w, https:\/\/i0.wp.com\/sainte-marie-seraing.be\/wp\/wp-content\/uploads\/2015\/02\/2yhe0cd1.jpg?zoom=3&amp;resize=469%2C113 1407w\" sizes=\"(max-width: 469px) 100vw, 469px\" data-recalc-dims=\"1\" \/><\/a><br \/>\n<\/strong><\/h1>\n<h3 style=\"text-align: center;\"><span style=\"color: #000000;\"><em><strong>Pour qui ?<\/strong><\/em><\/span><\/h3>\n<p style=\"text-align: center;\">Des filles et des gar\u00e7ons \u00e2g\u00e9s de 6 \u00e0 13 ans ayant des difficult\u00e9s d\u2019apprentissage.<\/p>\n<h3 style=\"text-align: center;\"><strong>Les missions de l\u2019enseignement sp\u00e9cialis\u00e9 :<\/strong><\/h3>\n<p>Amener CHAQUE \u00e9l\u00e8ve \u00e0 son meilleur niveau de r\u00e9ussite personnelle en le valorisant et lui rendant le go\u00fbt d\u2019apprendre. Permettre \u00e0 l\u2019\u00e9l\u00e8ve de s\u2019int\u00e9grer le mieux possible o\u00f9 il sera amen\u00e9 \u00e0 vivre.<\/p>\n<p>L\u2019enseignement sp\u00e9cialis\u00e9 s\u2019affirme dans la soci\u00e9t\u00e9 et optimalise ses relations avec la famille et avec le monde ext\u00e9rieur.<\/p>\n<h3 style=\"text-align: center;\"><strong>Les types d\u2019enseignement de notre \u00e9tablissement<\/strong><\/h3>\n<p><span style=\"text-decoration: underline;\">LE TYPE 1<\/span><\/p>\n<p>Destin\u00e9 aux \u00e9l\u00e8ves qui souffrent d\u2019un retard et\/ou trouble de l\u2019apprentissage. Leurs possibilit\u00e9s sont telles qu\u2019ils peuvent acqu\u00e9rir des connaissances scolaires \u00e9l\u00e9mentaires et une formation professionnelle qui permettent de pr\u00e9voir leur int\u00e9gration dans un milieu socio-professionnel normal.<\/p>\n<p><span style=\"text-decoration: underline;\">LE TYPE 8<\/span><\/p>\n<p>Destin\u00e9 aux \u00e9l\u00e8ves atteints de troubles instrumentaux. \u00c9l\u00e8ves qui, d\u2019intelligence, d\u2019audition et de vision normales, peuvent pr\u00e9senter des difficult\u00e9s dans le d\u00e9veloppement du langage, dans l\u2019apprentissage de la lecture, de l\u2019\u00e9criture ou du calcul et dont la gravit\u00e9 est telle qu\u2019une intervention particuli\u00e8re dans le cadre de l\u2019enseignement ordinaire ne peut suffire.<\/p>\n<p><a href=\"https:\/\/drive.google.com\/file\/d\/0B4G4J1BwnqeYZjA2NjI5MWMtY2MyNi00OTU4LTgyMDgtMzc0ZGYzNmFhNDQw\/view\" target=\"_blank\">T\u00e9l\u00e9chargez le folder publicitaire en PDF<\/a><\/p>\n<div id=\"primary\" class=\"content-area\">\n<div id=\"content\" class=\"site-content\">\n<article id=\"post-60\" class=\"post-60 page type-page status-publish has-post-thumbnail hentry\">\n<header class=\"entry-header\">\n<h2 class=\"entry-title\" style=\"text-align: center;\">L\u2019\u00e9cole en bref :<\/h2>\n<\/header>\n<div class=\"entry-content\"><a href=\"https:\/\/i1.wp.com\/sainte-marie-seraing.be\/wp\/wp-content\/uploads\/2015\/02\/szg4qbme.jpg\"><img data-attachment-id=\"583\" data-permalink=\"http:\/\/sainte-marie-seraing.be\/wp\/?attachment_id=583\" data-orig-file=\"https:\/\/i1.wp.com\/sainte-marie-seraing.be\/wp\/wp-content\/uploads\/2015\/02\/szg4qbme.jpg?fit=575%2C142\" data-orig-size=\"575,142\" data-comments-opened=\"0\" data-image-meta=\"{&quot;aperture&quot;:&quot;0&quot;,&quot;credit&quot;:&quot;&quot;,&quot;camera&quot;:&quot;&quot;,&quot;caption&quot;:&quot;&quot;,&quot;created_timestamp&quot;:&quot;0&quot;,&quot;copyright&quot;:&quot;&quot;,&quot;focal_length&quot;:&quot;0&quot;,&quot;iso&quot;:&quot;0&quot;,&quot;shutter_speed&quot;:&quot;0&quot;,&quot;title&quot;:&quot;&quot;,&quot;orientation&quot;:&quot;1&quot;}\" data-image-title=\"szg4qbme\" data-image-description=\"\" data-medium-file=\"https:\/\/i1.wp.com\/sainte-marie-seraing.be\/wp\/wp-content\/uploads\/2015\/02\/szg4qbme.jpg?fit=300%2C74\" data-large-file=\"https:\/\/i1.wp.com\/sainte-marie-seraing.be\/wp\/wp-content\/uploads\/2015\/02\/szg4qbme.jpg?fit=510%2C126\" loading=\"lazy\" class=\"  wp-image-583 aligncenter\" src=\"https:\/\/i1.wp.com\/sainte-marie-seraing.be\/wp\/wp-content\/uploads\/2015\/02\/szg4qbme.jpg?resize=532%2C144\" alt=\"szg4qbme\" width=\"532\" height=\"144\" srcset=\"https:\/\/i1.wp.com\/sainte-marie-seraing.be\/wp\/wp-content\/uploads\/2015\/02\/szg4qbme.jpg?zoom=2&amp;resize=532%2C144 1064w, https:\/\/i1.wp.com\/sainte-marie-seraing.be\/wp\/wp-content\/uploads\/2015\/02\/szg4qbme.jpg?zoom=3&amp;resize=532%2C144 1596w\" sizes=\"(max-width: 532px) 100vw, 532px\" data-recalc-dims=\"1\" \/><\/a><\/p>\n<p style=\"text-align: center;\">1.Un enseignement individualis\u00e9 et diff\u00e9renci\u00e9 attentif aux progr\u00e8s de chaque \u00e9l\u00e8ve et privil\u00e9giant l\u2019\u00e9valuation formative.<\/p>\n<p style=\"text-align: center;\">2.Une \u00e9cole structur\u00e9e par groupes de niveaux afin d\u2019accueillir les enfants selon leurs besoins p\u00e9dagogiques.<\/p>\n<p style=\"text-align: center;\">3.Des logop\u00e8des r\u00e9\u00e9duquant individuellement le langage oral et \u00e9crit.<\/p>\n<p style=\"text-align: center;\">4.Une assistante sociale \u00e0 l\u2019\u00e9coute des enfants et\/ou des parents.<\/p>\n<p style=\"text-align: center;\">5.Un kin\u00e9sith\u00e9rapeute r\u00e9\u00e9duquant individuellement la maitrise du corps et de l\u2019espace.<\/p>\n<p style=\"text-align: center;\">6.Un transport scolaire gratuit<\/p>\n<p style=\"text-align: center;\">7.Une salle informatique \u00e9quip\u00e9e par le projet cyberclasse (r\u00e9gion wallonne) avec des ordinateurs APPLE et PC.<\/p>\n<p style=\"text-align: center;\">8.Des d\u00eeners chauds.<\/p>\n<p style=\"text-align: center;\">9.Cours de natation.<\/p>\n<p style=\"text-align: center;\">10.Classes de d\u00e9paysement.<\/p>\n<\/div>\n<\/article>\n<\/div>\n<\/div>\n<p>&nbsp;<\/p>\n<hr \/>\n<p>&nbsp;<\/p>\n","protected":false},"excerpt":{"rendered":"<p>Un enseignement sp\u00e9cialis\u00e9 de type 1 et 8: Pour qui ? Des filles et des gar\u00e7ons \u00e2g\u00e9s de 6 \u00e0 13 ans ayant des difficult\u00e9s d\u2019apprentissage. Les missions de l\u2019enseignement sp\u00e9cialis\u00e9 : Amener CHAQUE \u00e9l\u00e8ve \u00e0 son meilleur niveau de r\u00e9ussite personnelle en le valorisant et lui rendant le go\u00fbt d\u2019apprendre. Permettre \u00e0 l\u2019\u00e9l\u00e8ve de <span class=\"ellipsis\">&hellip;<\/span> <span class=\"more-link-wrap\"><a href=\"http:\/\/sainte-marie-seraing.be\/wp\/?page_id=58\" class=\"more-link\"><span>Read More &rarr;<\/span><\/a><\/span><\/p>\n","protected":false},"author":1,"featured_media":0,"parent":0,"menu_order":0,"comment_status":"closed","ping_status":"closed","template":"","meta":{"spay_email":""},"jetpack_sharing_enabled":true,"jetpack_shortlink":"https:\/\/wp.me\/P6j22m-W","jetpack-related-posts":[],"_links":{"self":[{"href":"http:\/\/sainte-marie-seraing.be\/wp\/index.php?rest_route=\/wp\/v2\/pages\/58"}],"collection":[{"href":"http:\/\/sainte-marie-seraing.be\/wp\/index.php?rest_route=\/wp\/v2\/pages"}],"about":[{"href":"http:\/\/sainte-marie-seraing.be\/wp\/index.php?rest_route=\/wp\/v2\/types\/page"}],"author":[{"embeddable":true,"href":"http:\/\/sainte-marie-seraing.be\/wp\/index.php?rest_route=\/wp\/v2\/users\/1"}],"replies":[{"embeddable":true,"href":"http:\/\/sainte-marie-seraing.be\/wp\/index.php?rest_route=%2Fwp%2Fv2%2Fcomments&post=58"}],"version-history":[{"count":11,"href":"http:\/\/sainte-marie-seraing.be\/wp\/index.php?rest_route=\/wp\/v2\/pages\/58\/revisions"}],"predecessor-version":[{"id":799,"href":"http:\/\/sainte-marie-seraing.be\/wp\/index.php?rest_route=\/wp\/v2\/pages\/58\/revisions\/799"}],"wp:attachment":[{"href":"http:\/\/sainte-marie-seraing.be\/wp\/index.php?rest_route=%2Fwp%2Fv2%2Fmedia&parent=58"}],"curies":[{"name":"wp","href":"https:\/\/api.w.org\/{rel}","templated":true}]}}